{"id":7635,"date":"2023-02-02T21:06:28","date_gmt":"2023-02-02T21:06:28","guid":{"rendered":"https:\/\/klinikum-glueckstadt.com\/imprint"},"modified":"2023-03-04T01:04:10","modified_gmt":"2023-03-04T01:04:10","slug":"imprint","status":"publish","type":"page","link":"https:\/\/klinikum-glueckstadt.com\/en\/imprint","title":{"rendered":"Imprint"},"content":{"rendered":"\t\t<div data-elementor-type=\"wp-page\" data-elementor-id=\"7635\" class=\"elementor elementor-7635 elementor-5088\" data-elementor-post-type=\"page\">\n\t\t\t\t\t\t<section class=\"elementor-section elementor-top-section elementor-element elementor-element-cd0deb1 elementor-section-boxed elementor-section-height-default elementor-section-height-default qodef-elementor-content-no\" data-id=\"cd0deb1\" data-element_type=\"section\" data-e-type=\"section\">\n\t\t\t\t\t\t<div class=\"elementor-container elementor-column-gap-default\">\n\t\t\t\t\t<div class=\"elementor-column elementor-col-100 elementor-top-column elementor-element elementor-element-efd3c5b\" data-id=\"efd3c5b\" data-element_type=\"column\" data-e-type=\"column\">\n\t\t\t<div class=\"elementor-widget-wrap elementor-element-populated\">\n\t\t\t\t\t\t<div class=\"elementor-element elementor-element-b7001cf elementor-widget elementor-widget-text-editor\" data-id=\"b7001cf\" data-element_type=\"widget\" data-e-type=\"widget\" data-widget_type=\"text-editor.default\">\n\t\t\t\t<div class=\"elementor-widget-container\">\n\t\t\t\t\t\t\t\t\t<p>Information according to \u00a7 5 TMG<br \/>Klinikum Gl\u00fcckstadt Grundbesitz Verwaltung GmbH<br \/>Steinburgstra\u00dfe 17<br \/>25348 Gl\u00fcckstadt<\/p>\n<p>Commercial register: HRB150892<br \/>Registry court: Hamburg Local Court<\/p>\n<p><b>Represented by<br \/><\/b>: Eyad Shanti<\/p>\n<p><b>Contact<br \/><\/b>Tel.: +49 (0) 4124 \u2013 89 79 40<br \/>E-Mail: <a href=\"mailto:info@klinikum-glueckstadt.com\">info@klinikum-glueckstadt.com<\/a><\/p>\n<p><b>Editorial responsibility<br \/><\/b>Eyad Shanti<\/p>\n<p><b>EU Dispute Resolution<br \/><\/b>The European Commission provides a platform for online dispute resolution (OS):<br \/><a href=\"https:\/\/ec.europa.eu\/consumers\/odr\/\">https:\/\/ec.europa.eu\/consumers\/odr\/<\/a>.<br \/>Our e-mail address can be found above in the imprint.<\/p>\n<p><b>Consumer dispute participation \/ universal arbitration body<br \/><\/b>We are not willing or obliged to participate in dispute resolution procedures of other consumer arbitration bodies.<\/p>\n<p><b>Liability for content<br \/><\/b>As a service provider we are according to \u00a7 7 Abs.1 TMG responsible for its own content on these pages according to general laws. According to \u00a7\u00a7 8 to 10 TMG, however, we as a service provider are not obliged to monitor transmitted or stored third-party information or to investigate circumstances that indicate illegal activity.<br \/>Obligations to remove or block the use of information according to general laws remain unaffected. However, liability in this regard is only possible from the point in time at which knowledge of a specific infringement of the law is known. As soon as we become aware of any violations of the law, we will remove this content immediately.<\/p>\n<p><b>Liability for links<br \/><\/b>Our offer contains links to external websites of third parties, on whose contents we have no influence. Therefore we cannot assume any liability for this external content. The respective provider or operator of the pages is always responsible for the content of the linked pages. The linked pages were checked for possible legal violations at the time of linking. Illegal content was not recognizable at the time of linking.<br \/>However, a permanent control of the content of the linked pages is not reasonable without concrete evidence of an infringement. As soon as we become aware of legal violations, we will remove such links immediately.<\/p>\n<p><b>Copyright<br \/><\/b>The content and works on these pages created by the site operators are subject to German copyright law. The duplication, editing, distribution and any kind of exploitation outside the limits of copyright require the written consent of the respective author or creator. Downloads and copies of this site are only permitted for private, non-commercial use.<br \/>Insofar as the content on this site was not created by the operator, the copyrights of third parties are observed. In particular contents of third parties are marked as such. Should you nevertheless become aware of a copyright infringement, we ask that you inform us accordingly. As soon as we become aware of legal violations, we will remove such content immediately.<\/p>\n\t\t\t\t\t\t\t\t<\/div>\n\t\t\t\t<\/div>\n\t\t\t\t\t<\/div>\n\t\t<\/div>\n\t\t\t\t\t<\/div>\n\t\t<\/section>\n\t\t\t\t<\/div>\n\t\t","protected":false},"excerpt":{"rendered":"<p>Information according to \u00a7 5 TMGKlinikum Gl\u00fcckstadt Grundbesitz Verwaltung GmbHSteinburgstra\u00dfe 1725348 Gl\u00fcckstadt Commercial register: HRB150892Registry court: Hamburg Local Court Represented by: Eyad Shanti ContactTel.: +49 (0) 4124 \u2013 89 79 40E-Mail: info@klinikum-glueckstadt.com Editorial responsibilityEyad Shanti EU Dispute ResolutionThe European Commission provides a platform for online dispute resolution (OS):https:\/\/ec.europa.eu\/consumers\/odr\/.Our e-mail address can be found above in [&hellip;]<\/p>\n","protected":false},"author":1,"featured_media":0,"parent":0,"menu_order":0,"comment_status":"closed","ping_status":"closed","template":"page-full-width.php","meta":{"footnotes":""},"class_list":["post-7635","page","type-page","status-publish","hentry"],"yoast_head":"<!-- This site is optimized with the Yoast SEO plugin v27.4 - https:\/\/yoast.com\/product\/yoast-seo-wordpress\/ -->\n<title>Imprint | Klinikum Gl&uuml;ckstadt<\/title>\n<meta name=\"robots\" content=\"noindex, nofollow\" \/>\n<meta property=\"og:locale\" content=\"en_US\" \/>\n<meta property=\"og:type\" content=\"article\" \/>\n<meta property=\"og:title\" content=\"Imprint | Klinikum Gl&uuml;ckstadt\" \/>\n<meta property=\"og:description\" content=\"Information according to \u00a7 5 TMGKlinikum Gl\u00fcckstadt Grundbesitz Verwaltung GmbHSteinburgstra\u00dfe 1725348 Gl\u00fcckstadt Commercial register: HRB150892Registry court: Hamburg Local Court Represented by: Eyad Shanti ContactTel.: +49 (0) 4124 \u2013 89 79 40E-Mail: info@klinikum-glueckstadt.com Editorial responsibilityEyad Shanti EU Dispute ResolutionThe European Commission provides a platform for online dispute resolution (OS):https:\/\/ec.europa.eu\/consumers\/odr\/.Our e-mail address can be found above in [&hellip;]\" \/>\n<meta property=\"og:url\" content=\"https:\/\/klinikum-glueckstadt.com\/en\/imprint\" \/>\n<meta property=\"og:site_name\" content=\"Klinikum Gl&uuml;ckstadt\" \/>\n<meta property=\"article:publisher\" content=\"https:\/\/www.facebook.com\/profile.php?id=100085844769625\" \/>\n<meta property=\"article:modified_time\" content=\"2023-03-04T01:04:10+00:00\" \/>\n<meta property=\"og:image\" content=\"https:\/\/klinikum-glueckstadt.com\/wp-content\/uploads\/2023\/02\/luftbild_01.jpg\" \/>\n\t<meta property=\"og:image:width\" content=\"1920\" \/>\n\t<meta property=\"og:image:height\" content=\"1080\" \/>\n\t<meta property=\"og:image:type\" content=\"image\/jpeg\" \/>\n<meta name=\"twitter:card\" content=\"summary_large_image\" \/>\n<script type=\"application\/ld+json\" class=\"yoast-schema-graph\">{\"@context\":\"https:\\\/\\\/schema.org\",\"@graph\":[{\"@type\":\"WebPage\",\"@id\":\"https:\\\/\\\/klinikum-glueckstadt.com\\\/en\\\/imprint\",\"url\":\"https:\\\/\\\/klinikum-glueckstadt.com\\\/en\\\/imprint\",\"name\":\"Imprint | Klinikum Gl&uuml;ckstadt\",\"isPartOf\":{\"@id\":\"https:\\\/\\\/klinikum-glueckstadt.com\\\/en#website\"},\"datePublished\":\"2023-02-02T21:06:28+00:00\",\"dateModified\":\"2023-03-04T01:04:10+00:00\",\"breadcrumb\":{\"@id\":\"https:\\\/\\\/klinikum-glueckstadt.com\\\/en\\\/imprint#breadcrumb\"},\"inLanguage\":\"en-US\",\"potentialAction\":[{\"@type\":\"ReadAction\",\"target\":[\"https:\\\/\\\/klinikum-glueckstadt.com\\\/en\\\/imprint\"]}]},{\"@type\":\"BreadcrumbList\",\"@id\":\"https:\\\/\\\/klinikum-glueckstadt.com\\\/en\\\/imprint#breadcrumb\",\"itemListElement\":[{\"@type\":\"ListItem\",\"position\":1,\"name\":\"Home\",\"item\":\"https:\\\/\\\/klinikum-glueckstadt.com\\\/en\"},{\"@type\":\"ListItem\",\"position\":2,\"name\":\"Imprint\"}]},{\"@type\":\"WebSite\",\"@id\":\"https:\\\/\\\/klinikum-glueckstadt.com\\\/en#website\",\"url\":\"https:\\\/\\\/klinikum-glueckstadt.com\\\/en\",\"name\":\"Luxuri\u00f6se 5-Sterne-Privatklinik\",\"description\":\"Luxuri&ouml;se 5-Sterne-Privatklinik\",\"publisher\":{\"@id\":\"https:\\\/\\\/klinikum-glueckstadt.com\\\/en#organization\"},\"potentialAction\":[{\"@type\":\"SearchAction\",\"target\":{\"@type\":\"EntryPoint\",\"urlTemplate\":\"https:\\\/\\\/klinikum-glueckstadt.com\\\/en?s={search_term_string}\"},\"query-input\":{\"@type\":\"PropertyValueSpecification\",\"valueRequired\":true,\"valueName\":\"search_term_string\"}}],\"inLanguage\":\"en-US\"},{\"@type\":\"Organization\",\"@id\":\"https:\\\/\\\/klinikum-glueckstadt.com\\\/en#organization\",\"name\":\"Klinikum Gl\u00fcckstadt\",\"url\":\"https:\\\/\\\/klinikum-glueckstadt.com\\\/en\",\"logo\":{\"@type\":\"ImageObject\",\"inLanguage\":\"en-US\",\"@id\":\"https:\\\/\\\/klinikum-glueckstadt.com\\\/en#\\\/schema\\\/logo\\\/image\\\/\",\"url\":\"https:\\\/\\\/klinikum-glueckstadt.com\\\/wp-content\\\/uploads\\\/2022\\\/12\\\/150px_gold_textlogo_right.png\",\"contentUrl\":\"https:\\\/\\\/klinikum-glueckstadt.com\\\/wp-content\\\/uploads\\\/2022\\\/12\\\/150px_gold_textlogo_right.png\",\"width\":500,\"height\":164,\"caption\":\"Klinikum Gl\u00fcckstadt\"},\"image\":{\"@id\":\"https:\\\/\\\/klinikum-glueckstadt.com\\\/en#\\\/schema\\\/logo\\\/image\\\/\"},\"sameAs\":[\"https:\\\/\\\/www.facebook.com\\\/profile.php?id=100085844769625\",\"https:\\\/\\\/www.instagram.com\\\/klinikumglueckstadt\\\/\"]}]}<\/script>\n<!-- \/ Yoast SEO plugin. -->","yoast_head_json":{"title":"Imprint | Klinikum Gl&uuml;ckstadt","robots":{"index":"noindex","follow":"nofollow"},"og_locale":"en_US","og_type":"article","og_title":"Imprint | Klinikum Gl&uuml;ckstadt","og_description":"Information according to \u00a7 5 TMGKlinikum Gl\u00fcckstadt Grundbesitz Verwaltung GmbHSteinburgstra\u00dfe 1725348 Gl\u00fcckstadt Commercial register: HRB150892Registry court: Hamburg Local Court Represented by: Eyad Shanti ContactTel.: +49 (0) 4124 \u2013 89 79 40E-Mail: info@klinikum-glueckstadt.com Editorial responsibilityEyad Shanti EU Dispute ResolutionThe European Commission provides a platform for online dispute resolution (OS):https:\/\/ec.europa.eu\/consumers\/odr\/.Our e-mail address can be found above in [&hellip;]","og_url":"https:\/\/klinikum-glueckstadt.com\/en\/imprint","og_site_name":"Klinikum Gl&uuml;ckstadt","article_publisher":"https:\/\/www.facebook.com\/profile.php?id=100085844769625","article_modified_time":"2023-03-04T01:04:10+00:00","og_image":[{"width":1920,"height":1080,"url":"https:\/\/klinikum-glueckstadt.com\/wp-content\/uploads\/2023\/02\/luftbild_01.jpg","type":"image\/jpeg"}],"twitter_card":"summary_large_image","schema":{"@context":"https:\/\/schema.org","@graph":[{"@type":"WebPage","@id":"https:\/\/klinikum-glueckstadt.com\/en\/imprint","url":"https:\/\/klinikum-glueckstadt.com\/en\/imprint","name":"Imprint | Klinikum Gl&uuml;ckstadt","isPartOf":{"@id":"https:\/\/klinikum-glueckstadt.com\/en#website"},"datePublished":"2023-02-02T21:06:28+00:00","dateModified":"2023-03-04T01:04:10+00:00","breadcrumb":{"@id":"https:\/\/klinikum-glueckstadt.com\/en\/imprint#breadcrumb"},"inLanguage":"en-US","potentialAction":[{"@type":"ReadAction","target":["https:\/\/klinikum-glueckstadt.com\/en\/imprint"]}]},{"@type":"BreadcrumbList","@id":"https:\/\/klinikum-glueckstadt.com\/en\/imprint#breadcrumb","itemListElement":[{"@type":"ListItem","position":1,"name":"Home","item":"https:\/\/klinikum-glueckstadt.com\/en"},{"@type":"ListItem","position":2,"name":"Imprint"}]},{"@type":"WebSite","@id":"https:\/\/klinikum-glueckstadt.com\/en#website","url":"https:\/\/klinikum-glueckstadt.com\/en","name":"Luxuri\u00f6se 5-Sterne-Privatklinik","description":"Luxuri&ouml;se 5-Sterne-Privatklinik","publisher":{"@id":"https:\/\/klinikum-glueckstadt.com\/en#organization"},"potentialAction":[{"@type":"SearchAction","target":{"@type":"EntryPoint","urlTemplate":"https:\/\/klinikum-glueckstadt.com\/en?s={search_term_string}"},"query-input":{"@type":"PropertyValueSpecification","valueRequired":true,"valueName":"search_term_string"}}],"inLanguage":"en-US"},{"@type":"Organization","@id":"https:\/\/klinikum-glueckstadt.com\/en#organization","name":"Klinikum Gl\u00fcckstadt","url":"https:\/\/klinikum-glueckstadt.com\/en","logo":{"@type":"ImageObject","inLanguage":"en-US","@id":"https:\/\/klinikum-glueckstadt.com\/en#\/schema\/logo\/image\/","url":"https:\/\/klinikum-glueckstadt.com\/wp-content\/uploads\/2022\/12\/150px_gold_textlogo_right.png","contentUrl":"https:\/\/klinikum-glueckstadt.com\/wp-content\/uploads\/2022\/12\/150px_gold_textlogo_right.png","width":500,"height":164,"caption":"Klinikum Gl\u00fcckstadt"},"image":{"@id":"https:\/\/klinikum-glueckstadt.com\/en#\/schema\/logo\/image\/"},"sameAs":["https:\/\/www.facebook.com\/profile.php?id=100085844769625","https:\/\/www.instagram.com\/klinikumglueckstadt\/"]}]}},"_links":{"self":[{"href":"https:\/\/klinikum-glueckstadt.com\/en\/wp-json\/wp\/v2\/pages\/7635","targetHints":{"allow":["GET"]}}],"collection":[{"href":"https:\/\/klinikum-glueckstadt.com\/en\/wp-json\/wp\/v2\/pages"}],"about":[{"href":"https:\/\/klinikum-glueckstadt.com\/en\/wp-json\/wp\/v2\/types\/page"}],"author":[{"embeddable":true,"href":"https:\/\/klinikum-glueckstadt.com\/en\/wp-json\/wp\/v2\/users\/1"}],"replies":[{"embeddable":true,"href":"https:\/\/klinikum-glueckstadt.com\/en\/wp-json\/wp\/v2\/comments?post=7635"}],"version-history":[{"count":0,"href":"https:\/\/klinikum-glueckstadt.com\/en\/wp-json\/wp\/v2\/pages\/7635\/revisions"}],"wp:attachment":[{"href":"https:\/\/klinikum-glueckstadt.com\/en\/wp-json\/wp\/v2\/media?parent=7635"}],"curies":[{"name":"wp","href":"https:\/\/api.w.org\/{rel}","templated":true}]}}